{"id":141,"date":"2023-08-20T06:48:18","date_gmt":"2023-08-20T04:48:18","guid":{"rendered":"https:\/\/patriciaporzel.com\/patricia\/?page_id=141"},"modified":"2025-08-13T14:28:07","modified_gmt":"2025-08-13T12:28:07","slug":"impressum","status":"publish","type":"page","link":"https:\/\/patriciaporzel.com\/patricia\/impressum\/","title":{"rendered":"Impressum"},"content":{"rendered":"\n<h5 class=\"wp-block-heading\">Online-Impressum.de<br><strong>Creator:<\/strong>\u00a0Patricia Porzel &#8211; Patricia Porzel<br>Europaring 90<br>53757 Sankt Augustin<\/h5>\n\n\n\n<p><em>p.porzel@patriciaporzel.com<br>Tel: 01607506415<br>USt-IdNr: DE301307986<\/em><br><a href=\"https:\/\/www.mein.online-impressum.de\/patricia-porzel\/#Zweiter_Kontaktweg\">Zweiter Kontaktweg<\/a><\/p>\n\n\n\n<p>Zust\u00e4ndige Regulierungs- und Aufsichtsbeh\u00f6rde:<br>Bayerische Landeszentrale f\u00fcr neue Medien<br>Sitzland: Deutschland<\/p>\n\n\n\n<p>Das hier angegebene Impressum gilt f\u00fcr alle belange der Impressumspflicht nach \u00a75 DDG, \u00a7 55 Abs.2 RStV &amp; MStV \u00a718 sowie f\u00fcr alle Social Media Auftritte des Creators.<\/p>\n\n\n\n<h2 class=\"wp-block-heading\">EU-Streitschlichtung<\/h2>\n\n\n\n<p><\/p>\n\n\n\n<p>Die Europ\u00e4ische Kommission stellt eine Plattform zur Online-Streitbeilegung (OS) bereit:&nbsp;<a href=\"https:\/\/ec.europa.eu\/consumers\/odr\/\" target=\"_blank\" rel=\"noreferrer noopener\">https:\/\/ec.europa.eu\/consumers\/odr\/<\/a>.<br>Unsere E-Mail-Adresse finden Sie oben im Impressum.<\/p>\n\n\n\n<h2 class=\"wp-block-heading\">Verbraucher\u00adstreit\u00adbeilegung\/Universal\u00adschlichtungs\u00adstelle<\/h2>\n\n\n\n<p>Wir nehmen an einem Streitbeilegungsverfahren vor einer Verbraucherschlichtungsstelle teil. Zust\u00e4ndig ist die Universalschlichtungsstelle des Zentrums f\u00fcr Schlichtung e.V., Stra\u00dfburger Stra\u00dfe 8, 77694 Kehl am Rhein (<a href=\"https:\/\/www.verbraucher-schlichter.de\/\" target=\"_blank\" rel=\"noreferrer noopener\">https:\/\/www.verbraucher-schlichter.de<\/a>).<\/p>\n","protected":false},"excerpt":{"rendered":"<p>Online-Impressum.deCreator:\u00a0Patricia Porzel &#8211; Patricia PorzelEuroparing 9053757 Sankt Augustin p.porzel@patriciaporzel.comTel: 01607506415USt-IdNr: DE301307986Zweiter Kontaktweg Zust\u00e4ndige Regulierungs- und Aufsichtsbeh\u00f6rde:Bayerische Landeszentrale f\u00fcr neue MedienSitzland: Deutschland Das hier angegebene Impressum gilt f\u00fcr alle belange der Impressumspflicht nach \u00a75 DDG, \u00a7 55 Abs.2 RStV &amp; MStV \u00a718 sowie f\u00fcr alle Social Media Auftritte des Creators. EU-Streitschlichtung Die Europ\u00e4ische Kommission stellt eine&hellip; <a class=\"more-link\" href=\"https:\/\/patriciaporzel.com\/patricia\/impressum\/\"><span class=\"screen-reader-text\">Impressum<\/span> weiterlesen<\/a><\/p>\n","protected":false},"author":1,"featured_media":0,"parent":0,"menu_order":0,"comment_status":"closed","ping_status":"closed","template":"","meta":{"pgc_sgb_lightbox_settings":"","footnotes":""},"class_list":["post-141","page","type-page","status-publish","hentry","entry"],"_links":{"self":[{"href":"https:\/\/patriciaporzel.com\/patricia\/wp-json\/wp\/v2\/pages\/141","targetHints":{"allow":["GET"]}}],"collection":[{"href":"https:\/\/patriciaporzel.com\/patricia\/wp-json\/wp\/v2\/pages"}],"about":[{"href":"https:\/\/patriciaporzel.com\/patricia\/wp-json\/wp\/v2\/types\/page"}],"author":[{"embeddable":true,"href":"https:\/\/patriciaporzel.com\/patricia\/wp-json\/wp\/v2\/users\/1"}],"replies":[{"embeddable":true,"href":"https:\/\/patriciaporzel.com\/patricia\/wp-json\/wp\/v2\/comments?post=141"}],"version-history":[{"count":4,"href":"https:\/\/patriciaporzel.com\/patricia\/wp-json\/wp\/v2\/pages\/141\/revisions"}],"predecessor-version":[{"id":234,"href":"https:\/\/patriciaporzel.com\/patricia\/wp-json\/wp\/v2\/pages\/141\/revisions\/234"}],"wp:attachment":[{"href":"https:\/\/patriciaporzel.com\/patricia\/wp-json\/wp\/v2\/media?parent=141"}],"curies":[{"name":"wp","href":"https:\/\/api.w.org\/{rel}","templated":true}]}}