{"id":168,"date":"2023-09-05T07:37:51","date_gmt":"2023-09-05T05:37:51","guid":{"rendered":"https:\/\/patriciaporzel.com\/patricia\/?page_id=168"},"modified":"2023-09-22T16:46:51","modified_gmt":"2023-09-22T14:46:51","slug":"phoenicia","status":"publish","type":"page","link":"https:\/\/patriciaporzel.com\/patricia\/phoenicia\/","title":{"rendered":"Ph\u00f6nicia"},"content":{"rendered":"\n<figure class=\"wp-block-image size-full\"><a href=\"https:\/\/phoenicia-cosmetics.com\/shop\/\"><img loading=\"lazy\" decoding=\"async\" width=\"350\" height=\"185\" src=\"https:\/\/patriciaporzel.com\/patricia\/wp-content\/uploads\/2023\/09\/phoenicia-1.png\" alt=\"\" class=\"wp-image-170\" srcset=\"https:\/\/patriciaporzel.com\/patricia\/wp-content\/uploads\/2023\/09\/phoenicia-1.png 350w, https:\/\/patriciaporzel.com\/patricia\/wp-content\/uploads\/2023\/09\/phoenicia-1-300x159.png 300w\" sizes=\"auto, (max-width: 350px) 100vw, 350px\" \/><\/a><\/figure>\n\n\n\n<p><a href=\"https:\/\/phoenicia-cosmetics.com\/shop\/\"><em>Hier geht es zur Ph\u00f6nicia Seite<\/em><\/a><\/p>\n\n\n\n<p>Ich bin seit 5 Jahren im Vertrieb eines Nahrungserg\u00e4nzungsmittel-Herstellers t\u00e4tig und lernte dort mit der Zeit wichtige Dinge \u00fcber die Gesundheit.<br>Dort begann ich auch, mich mit meiner eigenen Gesundheit auseinanderzusetzen und mich daf\u00fcr zu interessieren was Mutter Natur uns denn zu bieten hat um unseren K\u00f6rper, Geist und Seele zu pflegen und gesund zu halten.<br>Da ich selbst unter trockener Haut leide, probierte ich bereits sehr viele Pflegeprodukte, oft verleitet von der Werbung f\u00fcr Produkte bekannter Hersteller.<\/p>\n\n\n\n<figure class=\"wp-block-image\"><img decoding=\"async\" src=\"https:\/\/phoenicia-cosmetics.com\/wp-content\/uploads\/2020\/06\/11718.jpg\" alt=\"\" title=\"\"\/><\/figure>\n\n\n\n<p>Dabei l\u00e4sst man so manches an das empfindlichste Organ unseres K\u00f6rpers \u2013 unsere Haut, ohne sich damit zu besch\u00e4ftigen, welche Inhaltsstoffe diese Produkte enthalten.<br>Da die Haut das gr\u00f6\u00dfte Organ Deines K\u00f6rpers ist, das hei\u00dft, ca. 1,7 qm Deiner Hautoberfl\u00e4che betr\u00e4gt und ca. 12-14 Kg wiegt, sollte man sich schon damit befassen mit was man diese wertvolle Oberfl\u00e4che pflegt.<br>Nachdem ich bereits unz\u00e4hlige Produkte ausprobiert habe (ja &#8211; es gibt auch immer wieder gute Produkte darunter), bin ich zu dem Entschluss gekommen, dass es doch nicht alles gewesen sein kann. Daher entschied ich mich eine eigene Biokosmetik Marke und damit ein Produkt zu entwickeln, welches meinen Anspr\u00fcchen gerecht wird.<\/p>\n\n\n\n<hr class=\"wp-block-separator has-alpha-channel-opacity\"\/>\n\n\n\n<p>Diese m\u00f6chte ich nun mit Euch teilen und neu auf den Markt bringen.<br>Ein Produkt, das trockener Haut entgegenwirkt, auf nat\u00fcrliche Art und Weise pflegt und die Haut mit wichtigen N\u00e4hrstoffen versorgt das zudem edel im Bad wirkt.<br>Die Zeiten sind vorbei, in denen Bio auch nach Bio aussehen muss. Nein Bio kann absolut stylisch aussehen und genauso wertvoll f\u00fcr uns und unsere Umwelt sein.<br>Ich m\u00f6chte einfach eine Biokosmetik, die eine Wohltat f\u00fcr unseren K\u00f6rper, die Seele und die Haut ist und mit der auch zugleich Gutes getan werden kann.<\/p>\n\n\n\n<figure class=\"wp-block-image\"><img decoding=\"async\" src=\"https:\/\/phoenicia-cosmetics.com\/wp-content\/uploads\/2020\/06\/3461853.jpg\" alt=\"\" title=\"\"\/><\/figure>\n\n\n\n<h2 class=\"wp-block-heading\">Entstehung des Firmennamens<\/h2>\n\n\n\n<hr class=\"wp-block-separator has-alpha-channel-opacity\"\/>\n\n\n\n<p>Meine beste Freundin nennt mich immer Ihren Ph\u00f6nix aus der Asche, da ich aus allen Lebenslagen, egal wie negativ diese auch waren, immer wieder aufgestanden bin, mein Kr\u00f6nchen gerichtet habe und weitergemacht habe, als sei nichts geschehen.<br>So besteht der Firmenname aus den ersten 4 Buchstaben des Ph\u00f6nixes und den letzten 4 Buchstaben aus meinem Vornamen Patricia.<br>Daraus ist&nbsp;<strong>Ph\u00f6nicia<\/strong>&nbsp;entstanden.<\/p>\n","protected":false},"excerpt":{"rendered":"<p>Hier geht es zur Ph\u00f6nicia Seite Ich bin seit 5 Jahren im Vertrieb eines Nahrungserg\u00e4nzungsmittel-Herstellers t\u00e4tig und lernte dort mit der Zeit wichtige Dinge \u00fcber die Gesundheit.Dort begann ich auch, mich mit meiner eigenen Gesundheit auseinanderzusetzen und mich daf\u00fcr zu interessieren was Mutter Natur uns denn zu bieten hat um unseren K\u00f6rper, Geist und Seele&hellip; <a class=\"more-link\" href=\"https:\/\/patriciaporzel.com\/patricia\/phoenicia\/\"><span class=\"screen-reader-text\">Ph\u00f6nicia<\/span> weiterlesen<\/a><\/p>\n","protected":false},"author":1,"featured_media":0,"parent":0,"menu_order":0,"comment_status":"closed","ping_status":"closed","template":"","meta":{"pgc_sgb_lightbox_settings":"","footnotes":""},"class_list":["post-168","page","type-page","status-publish","hentry","entry"],"_links":{"self":[{"href":"https:\/\/patriciaporzel.com\/patricia\/wp-json\/wp\/v2\/pages\/168","targetHints":{"allow":["GET"]}}],"collection":[{"href":"https:\/\/patriciaporzel.com\/patricia\/wp-json\/wp\/v2\/pages"}],"about":[{"href":"https:\/\/patriciaporzel.com\/patricia\/wp-json\/wp\/v2\/types\/page"}],"author":[{"embeddable":true,"href":"https:\/\/patriciaporzel.com\/patricia\/wp-json\/wp\/v2\/users\/1"}],"replies":[{"embeddable":true,"href":"https:\/\/patriciaporzel.com\/patricia\/wp-json\/wp\/v2\/comments?post=168"}],"version-history":[{"count":3,"href":"https:\/\/patriciaporzel.com\/patricia\/wp-json\/wp\/v2\/pages\/168\/revisions"}],"predecessor-version":[{"id":176,"href":"https:\/\/patriciaporzel.com\/patricia\/wp-json\/wp\/v2\/pages\/168\/revisions\/176"}],"wp:attachment":[{"href":"https:\/\/patriciaporzel.com\/patricia\/wp-json\/wp\/v2\/media?parent=168"}],"curies":[{"name":"wp","href":"https:\/\/api.w.org\/{rel}","templated":true}]}}